{"id":5938,"date":"2025-12-12T08:35:36","date_gmt":"2025-12-12T08:35:36","guid":{"rendered":"https:\/\/oncopeptides.com\/ordlista\/"},"modified":"2025-12-12T08:35:36","modified_gmt":"2025-12-12T08:35:36","slug":"ordlista","status":"publish","type":"page","link":"https:\/\/oncopeptides.com\/sv\/ordlista\/","title":{"rendered":"Ordlista"},"content":{"rendered":"<p><strong>AE<\/strong> Biverkningar.<\/p>\n<p><strong>Alkylator<\/strong> En bredspektrum cytotoxisk kemoterapi.<\/p>\n<p><strong>Aminopeptidaser<\/strong> Enzymer som hydrolyserar peptider. \u00c4r \u00f6veruttryckta i cancerceller. <\/p>\n<p><strong>CBR<\/strong> Klinisk nyttograd, m\u00e4ter antalet patienter med multipelt myelom som har f\u00f6rlorat 25 procent eller mer av sin tum\u00f6rmassa.<\/p>\n<p><strong>CDMO<\/strong> Kontraktsorganisation f\u00f6r utveckling och tillverkning.<\/p>\n<p><strong>Kemoterapi<\/strong> L\u00e4kemedel som ges f\u00f6r att d\u00f6da cancerceller.<\/p>\n<p><strong>Kliniska studier<\/strong> Studier f\u00f6r att fastst\u00e4lla doser och utv\u00e4rdera s\u00e4kerhet och effekt hos friska frivilliga och patienter.<\/p>\n<p><strong>CR<\/strong> Fullst\u00e4ndig tum\u00f6rrespons.<\/p>\n<p><strong>CRO<\/strong> Kontraktsforskningsorganisation.<\/p>\n<p><strong>Dexametason<\/strong> En potent steroid som anv\u00e4nds vid cancerbehandling.<\/p>\n<p><strong>DOR<\/strong> Responsduration avser perioden fr\u00e5n en initial tum\u00f6rminskning tills den b\u00f6rjar v\u00e4xa.<\/p>\n<p><strong>Dubbelrefrakt\u00e4r<\/strong> Refrakt\u00e4r mot tv\u00e5 l\u00e4kemedel.<\/p>\n<p><strong>EMA<\/strong> Europeiska l\u00e4kemedelsmyndigheten.<\/p>\n<p><strong>Entrapped<\/strong> Term som beskriver hur en hydrofil alkylatorpayload stannar kvar i en cell.<\/p>\n<p><strong>FDA<\/strong> USA:s l\u00e4kemedelsmyndighet (Food and Drug Administration).<\/p>\n<p><strong>Hematologi<\/strong> L\u00e4ran om blod, blodbildande organ och blodsjukdomar. Omfattar behandling av blodsjukdomar och maligniteter, inklusive hemofili, leukemi, lymfom och sicklecellanemi. <\/p>\n<p><strong>Heterogen sjukdom<\/strong> En sjukdom som best\u00e5r av olika men likartade del-sjukdomar.<\/p>\n<p><strong>IMiDs<\/strong> Immunmodulerande imidl\u00e4kemedel, som anv\u00e4nds vid behandling av multipelt myelom.<\/p>\n<p><strong>Interimsresultat<\/strong> Delresultat i p\u00e5g\u00e5ende pr\u00f6vningar.<\/p>\n<p><strong>IND<\/strong> Investigational New Drug.<\/p>\n<p><strong>IND-ans\u00f6kan<\/strong> Ans\u00f6kan f\u00f6r att m\u00f6jligg\u00f6ra klinisk utveckling av en l\u00e4kemedelskandidat.<\/p>\n<p><strong>INN<\/strong> Internationellt generiskt namn.<\/p>\n<p><strong>Senfas RRMM<\/strong> Senfas recidiverande refrakt\u00e4rt multipelt myelom.<\/p>\n<p><strong>Behandlingslinjer<\/strong> Efter en cancerdiagnos och beslut om att behandla patienten kallas det f\u00f6rsta behandlingsf\u00f6rs\u00f6ket f\u00f6r f\u00f6rsta behandlingslinjen, f\u00f6ljt av andra behandlingslinjen osv.<\/p>\n<p><strong>Lipofilicitet<\/strong> \u00e4r en nyckelparameter som avg\u00f6r cellupptag av sm\u00e5 molekyler.<\/p>\n<p><strong>MAA<\/strong> Ans\u00f6kan om godk\u00e4nnande f\u00f6r f\u00f6rs\u00e4ljning.<\/p>\n<p><strong>Melflufen<\/strong> En f\u00f6rst-i-klassen peptid-l\u00e4kemedelskonjugat som riktar in sig p\u00e5 aminopeptidaser och fris\u00e4tter alkylerande \u00e4mnen i tum\u00f6rceller.<\/p>\n<p><strong>Melphalan flufenamide<\/strong> INN-namn f\u00f6r melflufen.<\/p>\n<p><strong>MM<\/strong> Multipelt myelom, en s\u00e4llsynt blodcancer som uppst\u00e5r i plasmaceller. Cancercellerna i plasmacellerna ansamlas i benm\u00e4rgen och tr\u00e4nger undan friska blodceller. <\/p>\n<p><strong>Monoklonala antikroppar<\/strong> Laboratorieframst\u00e4llda molekyler som konstruerats f\u00f6r att fungera som ers\u00e4ttningsantikroppar och som kan \u00e5terst\u00e4lla, f\u00f6rst\u00e4rka eller efterlikna immunsystemets angrepp p\u00e5 cancerceller.<\/p>\n<p><strong>MR<\/strong> Minimal respons avser en tum\u00f6rminskning p\u00e5 25\u201350 procent.<\/p>\n<p><strong>Multirefrakt\u00e4r<\/strong> Refrakt\u00e4r mot flera olika l\u00e4kemedel.<\/p>\n<p><strong>Multipelt myelom<\/strong> En s\u00e4llsynt blodcancer.<\/p>\n<p><strong>NDA<\/strong> New Drug Application.<\/p>\n<p><strong>OPD5<\/strong> Den andra l\u00e4kemedelskandidaten som kommer fr\u00e5n plattformen f\u00f6r peptid-l\u00e4kemedelskonjugat.<\/p>\n<p><strong>S\u00e4rl\u00e4kemedel<\/strong> Ett l\u00e4kemedel som anv\u00e4nds f\u00f6r att behandla en s\u00e4llsynt sjukdom.<\/p>\n<p><strong>S\u00e4rl\u00e4kemedelsstatus<\/strong> En status som tilldelas ett l\u00e4kemedel f\u00f6r ett s\u00e4llsynt tillst\u00e5nd. Det m\u00e5ste uppfylla vissa kriterier f\u00f6r att f\u00e5 del av incitament, s\u00e5som skydd mot konkurrens n\u00e4r det finns p\u00e5 marknaden. <\/p>\n<p><strong>ORR<\/strong> Total responsfrekvens, antalet patienter som har f\u00f6rlorat 50 procent eller mer av sin tum\u00f6rmassa.<\/p>\n<p><strong>OS<\/strong> Total \u00f6verlevnad, den tid en patient \u00f6verlever fr\u00e5n behandlingsstart.<\/p>\n<p><strong>Payload<\/strong> Mycket aktiva molekyler som \u00e4r f\u00f6r toxiska f\u00f6r att administreras i icke-m\u00e5lriktade former i terapeutiska doser.<\/p>\n<p><strong>PD<\/strong> Progressiv sjukdom, d\u00e4r tum\u00f6rmassan har \u00f6kat med minst 25 procent.<\/p>\n<p><strong>PDC<\/strong> Peptid-l\u00e4kemedelskonjugat. Den l\u00e4kemedelsklass som inkluderar melflufen och OPD5. <\/p>\n<p><strong>Peptidaser<\/strong> Enzymer som bryter ned peptider.<\/p>\n<p><strong>Peptid<\/strong> En molekyl som best\u00e5r av en kedja av aminosyror. En nyckelegenskap hos melflufen. <\/p>\n<p><strong>PFS<\/strong> Progressionsfri \u00f6verlevnad, m\u00e4ter tiden fr\u00e5n start av patientens behandling tills tum\u00f6ren har vuxit med minst 25 procent.<\/p>\n<p><strong>Farmakokinetik<\/strong> Data som beskriver hur ett l\u00e4kemedel distribueras och metaboliseras i kroppen.<\/p>\n<p><strong>Fas 1-, 2- och 3-studie<\/strong> Olika faser av klinisk utveckling.<\/p>\n<p><strong>Fas 1<\/strong> En studie f\u00f6r att identifiera l\u00e4mplig dos och utv\u00e4rdera s\u00e4kerhet hos friska frivilliga<\/p>\n<p><strong>Fas 2<\/strong> En studie f\u00f6r att utv\u00e4rdera effekt och s\u00e4kerhet hos patienter inf\u00f6r fas 3, som upprepar denna process i st\u00f6rre patientgrupper och i j\u00e4mf\u00f6relse med andra behandlingar.<\/p>\n<p><strong>PI<\/strong> Proteasomh\u00e4mmare (PI) som anv\u00e4nds vid behandling av multipelt myelom.<\/p>\n<p><strong>Pivotal studie<\/strong> En klinisk studie f\u00f6r att p\u00e5visa s\u00e4kerhet och effekt av ett nytt l\u00e4kemedel f\u00f6r att erh\u00e5lla marknadsgodk\u00e4nnande fr\u00e5n regulatoriska myndigheter).<\/p>\n<p><strong>PK<\/strong> Farmakokinetik, hur l\u00e4kemedlet distribueras och metaboliseras i kroppen.<\/p>\n<p><strong>PR<\/strong> Partiell respons avser en tum\u00f6rminskning p\u00e5 50 till 90 procent.<\/p>\n<p><strong>Prekliniska studier<\/strong> Tidig forskning d\u00e4r genomf\u00f6rbarhet, iterativ testning och l\u00e4kemedelss\u00e4kerhetsdata samlas in. Fastst\u00e4ller en s\u00e4ker startdos f\u00f6r first-in-human-studie och bed\u00f6mer potentiell toxicitet.<\/p>\n<p><strong>Progressionsfri<\/strong> Ingen tum\u00f6rtillv\u00e4xt.<\/p>\n<p><strong>Proteasomh\u00e4mmare<\/strong> Substans som anv\u00e4nds vid behandling av multipelt myelom.<\/p>\n<p><strong>Quad- och penta-refrakt\u00e4r<\/strong> En patient vars sjukdom \u00e4r refrakt\u00e4r mot fyra eller fem olika behandlingar.<\/p>\n<p><strong>Randomiserad klinisk pr\u00f6vning<\/strong> En studie d\u00e4r patienter slumpm\u00e4ssigt delas in i olika grupper.<\/p>\n<p><strong>Refrakt\u00e4r<\/strong> Resistens mot behandling.<\/p>\n<p><strong>\u00c5terfall<\/strong> \u00c5terkomst av t.ex. en tum\u00f6r.<\/p>\n<p><strong>Resistensutveckling<\/strong> Tum\u00f6rutveckling som leder till s\u00e4mre eller uteblivet behandlingssvar.<\/p>\n<p><strong>RRMM<\/strong> Recidiverande refrakt\u00e4rt multipelt myelom.<\/p>\n<p><strong>SD<\/strong> Stabil sjukdom d\u00e4r tum\u00f6ren varken har vuxit eller krympt med 25 procent.<\/p>\n<p><strong>Enarmad studie<\/strong> Klinisk studie d\u00e4r patienterna f\u00e5r samma behandling.<\/p>\n<p><strong>M\u00e5lprotein<\/strong> Protein som ett l\u00e4kemedel binder till f\u00f6r att utl\u00f6sa en farmakologisk effekt.<\/p>\n<p><strong>TCR<\/strong> Trippelklassrefrakt\u00e4r, patienter \u00e4r refrakt\u00e4ra mot eller intoleranta mot minst ett immunmodulerande l\u00e4kemedel, minst en proteasomh\u00e4mmare och minst en anti-CD38 monoklonal antikropp.<\/p>\n<p><strong>Trippelklassrefrakt\u00e4r<\/strong>, patienter \u00e4r refrakt\u00e4ra mot minst en proteasomh\u00e4mmare, ett immunmodulerande l\u00e4kemedel och en anti-CD38 monoklonal antikropp.<\/p>\n<p><strong>Tum\u00f6rresponsfrekvens<\/strong> Andel patienter vars tum\u00f6rer svarar p\u00e5 behandling.<\/p>\n<p><strong>VGPR<\/strong> Mycket god partiell respons.<\/p>\n","protected":false},"excerpt":{"rendered":"<p>AE Biverkningar. Alkylator En bredspektrum cytotoxisk kemoterapi. Aminopeptidaser Enzymer som hydrolyserar peptider. \u00c4r \u00f6veruttryckta i cancerceller. CBR Klinisk nyttograd, m\u00e4ter antalet patienter med multipelt myelom som har f\u00f6rlorat 25 procent eller mer av sin tum\u00f6rmassa. CDMO Kontraktsorganisation f\u00f6r utveckling och tillverkning. Kemoterapi L\u00e4kemedel som ges f\u00f6r att d\u00f6da cancerceller. Kliniska studier Studier f\u00f6r att fastst\u00e4lla [&hellip;]<\/p>\n","protected":false},"author":1,"featured_media":0,"parent":0,"menu_order":0,"comment_status":"closed","ping_status":"closed","template":"","meta":{"_acf_changed":false,"footnotes":""},"protected-content":[],"class_list":["post-5938","page","type-page","status-publish","hentry"],"acf":[],"_links":{"self":[{"href":"https:\/\/oncopeptides.com\/sv\/wp-json\/wp\/v2\/pages\/5938","targetHints":{"allow":["GET"]}}],"collection":[{"href":"https:\/\/oncopeptides.com\/sv\/wp-json\/wp\/v2\/pages"}],"about":[{"href":"https:\/\/oncopeptides.com\/sv\/wp-json\/wp\/v2\/types\/page"}],"author":[{"embeddable":true,"href":"https:\/\/oncopeptides.com\/sv\/wp-json\/wp\/v2\/users\/1"}],"replies":[{"embeddable":true,"href":"https:\/\/oncopeptides.com\/sv\/wp-json\/wp\/v2\/comments?post=5938"}],"version-history":[{"count":0,"href":"https:\/\/oncopeptides.com\/sv\/wp-json\/wp\/v2\/pages\/5938\/revisions"}],"wp:attachment":[{"href":"https:\/\/oncopeptides.com\/sv\/wp-json\/wp\/v2\/media?parent=5938"}],"wp:term":[{"taxonomy":"protected-content","embeddable":true,"href":"https:\/\/oncopeptides.com\/sv\/wp-json\/wp\/v2\/protected-content?post=5938"}],"curies":[{"name":"wp","href":"https:\/\/api.w.org\/{rel}","templated":true}]}}