{"id":5953,"date":"2025-12-12T08:35:28","date_gmt":"2025-12-12T08:35:28","guid":{"rendered":"https:\/\/oncopeptides.com\/anvandarvillkor\/"},"modified":"2025-12-12T08:35:28","modified_gmt":"2025-12-12T08:35:28","slug":"anvandarvillkor","status":"publish","type":"page","link":"https:\/\/oncopeptides.com\/sv\/anvandarvillkor\/","title":{"rendered":"Anv\u00e4ndarvillkor"},"content":{"rendered":"<p>Dessa anv\u00e4ndarvillkor (\u201dAnv\u00e4ndarvillkor\u201d) g\u00e4ller f\u00f6r din anv\u00e4ndning av denna webbplats som drivs av Oncopeptides AB (publ) (h\u00e4danefter \u201dOncopeptides\u201d, \u201dvi\u201d eller \u201doss\u201d). Genom att g\u00e5 in p\u00e5 och anv\u00e4nda webbplatsen bekr\u00e4ftar du, utan begr\u00e4nsning eller f\u00f6rbeh\u00e5ll, att du har l\u00e4st, f\u00f6rst\u00e5tt och godk\u00e4nt dessa Anv\u00e4ndarvillkor. Om du inte godk\u00e4nner Anv\u00e4ndarvillkoren f\u00e5r du inte bes\u00f6ka eller anv\u00e4nda webbplatsen.  <\/p>\n<h2>Ansvarsfriskrivning<\/h2>\n<p>Informationen p\u00e5 webbplatsen tillhandah\u00e5lls endast i allm\u00e4nt informationssyfte. Medicinsk information p\u00e5 webbplatsen ers\u00e4tter inte r\u00e5dgivning fr\u00e5n l\u00e4kare eller annan medicinsk personal. <\/p>\n<p>\u00c4ven om Oncopeptides str\u00e4var efter att h\u00e5lla informationen uppdaterad och korrekt, l\u00e4mnar vi inga utf\u00e4stelser eller garantier av n\u00e5got slag, uttryckliga eller underf\u00f6rst\u00e5dda, om fullst\u00e4ndighet, noggrannhet, tillf\u00f6rlitlighet, l\u00e4mplighet eller tillg\u00e4nglighet med avseende p\u00e5 webbplatsen, informationen eller tillh\u00f6rande grafik p\u00e5 webbplatsen f\u00f6r n\u00e5got \u00e4ndam\u00e5l. All tillit du hyser till s\u00e5dan information sker d\u00e4rf\u00f6r helt p\u00e5 egen risk. <\/p>\n<p>Oncopeptides ansvarar under inga omst\u00e4ndigheter f\u00f6r f\u00f6rlust eller skada, inklusive men inte begr\u00e4nsat till indirekt f\u00f6rlust eller f\u00f6ljdskada, eller n\u00e5gon f\u00f6rlust eller skada \u00f6verhuvudtaget som h\u00e4rr\u00f6r fr\u00e5n f\u00f6rlust av data eller vinst som uppst\u00e5r till f\u00f6ljd av, eller i samband med, anv\u00e4ndningen av webbplatsen.<\/p>\n<p>Ingenting p\u00e5 denna webbplats ska anses utg\u00f6ra en inbjudan att investera i eller p\u00e5 annat s\u00e4tt handla med aktier eller andra v\u00e4rdepapper i Oncopeptides. Faktiska resultat och utveckling kan skilja sig v\u00e4sentligt fr\u00e5n prognoser, \u00e5sikter eller f\u00f6rv\u00e4ntningar som uttrycks p\u00e5 denna webbplats, och historisk kursutveckling f\u00f6r v\u00e4rdepapper f\u00e5r inte anv\u00e4ndas som v\u00e4gledning f\u00f6r framtida resultat. <\/p>\n<h2>Immateriella r\u00e4ttigheter<\/h2>\n<p>Alla r\u00e4ttigheter till inneh\u00e5llet p\u00e5 webbplatsen, s\u00e5som text, grafik, logotyper, bilder, videoklipp, ljudfiler och program, \u00e4r skyddade av upphovsr\u00e4tt och tillh\u00f6r Oncopeptides eller tredje part. Information och material f\u00e5r endast l\u00e4sas, kopieras och laddas ner f\u00f6r eget bruk. Webbplatsen och dess inneh\u00e5ll f\u00e5r inte \u00e4ndras, \u00f6verf\u00f6ras, reproduceras, publiceras, licensieras, \u00f6verl\u00e5tas, s\u00e4ljas eller anv\u00e4ndas f\u00f6r n\u00e5got kommersiellt \u00e4ndam\u00e5l utan v\u00e5rt f\u00f6reg\u00e5ende skriftliga godk\u00e4nnande.  <\/p>\n<p>Webbplatsen inneh\u00e5ller registrerade eller oregistrerade varum\u00e4rken, logotyper och layoutelement som tillh\u00f6r Oncopeptides eller tredje part. Du f\u00e5r inte anv\u00e4nda, ladda ner, kopiera eller distribuera varum\u00e4rken, logotyper eller layoutelement i n\u00e5gon form utan v\u00e5rt f\u00f6reg\u00e5ende skriftliga godk\u00e4nnande. <\/p>\n<h2>Begr\u00e4nsad \u00e5tkomst<\/h2>\n<p>Vi f\u00f6rbeh\u00e5ller oss r\u00e4tten att efter eget gottfinnande begr\u00e4nsa \u00e5tkomsten till delar av eller hela webbplatsen.<\/p>\n<h2>Hyperl\u00e4nkar<\/h2>\n<p>Webbplatsen kan inneh\u00e5lla l\u00e4nkar till tredjepartswebbplatser som Oncopeptides inte har n\u00e5gon kontroll \u00f6ver. Observera att l\u00e4nkar till tredjepartswebbplatser endast tillhandah\u00e5lls som en tj\u00e4nst. Oncopeptides ansvarar inte f\u00f6r tillg\u00e4ngligheten eller inneh\u00e5llet p\u00e5 tredjepartswebbplatser, och all \u00e5tkomst till tredjepartswebbplatser sker p\u00e5 egen risk.  <\/p>\n<h2>Personuppgifter och den allm\u00e4nna dataskyddsf\u00f6rordningen (GDPR)<\/h2>\n<p>Den behandling av <a title=\"Personuppgifter\" href=\"https:\/\/oncopeptides.com\/sv\/integritetspolicy\/\">personuppgifter<\/a> som sker n\u00e4r du bes\u00f6ker webbplatsen beskrivs i v\u00e5r integritetspolicy.<\/p>\n<h2>Cookies<\/h2>\n<p>L\u00e4s mer i <a title=\"Om cookies\" href=\"https:\/\/oncopeptides.com\/sv\/cookies\/\">v\u00e5ra riktlinjer f\u00f6r cookies<\/a> om hur Oncopeptides behandlar cookies (elektronisk information om ditt bes\u00f6k p\u00e5 webbplatsen).<\/p>\n<h2>\u00c4ndringar av Anv\u00e4ndarvillkoren och kontakt<\/h2>\n<p>Oncopeptides kan komma att uppdatera dessa Anv\u00e4ndarvillkor fr\u00e5n tid till annan. Datumet f\u00f6r den senaste \u00e4ndringen anges i slutet av Anv\u00e4ndarvillkoren. Om du har n\u00e5gra fr\u00e5gor g\u00e4llande dessa Anv\u00e4ndarvillkor \u00e4r du v\u00e4lkommen att kontakta oss p\u00e5 <a title=\"privacy@oncopeptides.com\" href=\"mailto:privacy@oncopeptides.com\">privacy@oncopeptides.com<\/a>.  <\/p>\n<h2>Till\u00e4mplig lag<\/h2>\n<p>Dessa Anv\u00e4ndarvillkor regleras av svensk lag.<\/p>\n","protected":false},"excerpt":{"rendered":"<p>Dessa anv\u00e4ndarvillkor (\u201dAnv\u00e4ndarvillkor\u201d) g\u00e4ller f\u00f6r din anv\u00e4ndning av denna webbplats som drivs av Oncopeptides AB (publ) (h\u00e4danefter \u201dOncopeptides\u201d, \u201dvi\u201d eller \u201doss\u201d). Genom att g\u00e5 in p\u00e5 och anv\u00e4nda webbplatsen bekr\u00e4ftar du, utan begr\u00e4nsning eller f\u00f6rbeh\u00e5ll, att du har l\u00e4st, f\u00f6rst\u00e5tt och godk\u00e4nt dessa Anv\u00e4ndarvillkor. Om du inte godk\u00e4nner Anv\u00e4ndarvillkoren f\u00e5r du inte bes\u00f6ka eller anv\u00e4nda [&hellip;]<\/p>\n","protected":false},"author":1,"featured_media":0,"parent":0,"menu_order":0,"comment_status":"closed","ping_status":"closed","template":"","meta":{"_acf_changed":false,"footnotes":""},"protected-content":[],"class_list":["post-5953","page","type-page","status-publish","hentry"],"acf":[],"_links":{"self":[{"href":"https:\/\/oncopeptides.com\/sv\/wp-json\/wp\/v2\/pages\/5953","targetHints":{"allow":["GET"]}}],"collection":[{"href":"https:\/\/oncopeptides.com\/sv\/wp-json\/wp\/v2\/pages"}],"about":[{"href":"https:\/\/oncopeptides.com\/sv\/wp-json\/wp\/v2\/types\/page"}],"author":[{"embeddable":true,"href":"https:\/\/oncopeptides.com\/sv\/wp-json\/wp\/v2\/users\/1"}],"replies":[{"embeddable":true,"href":"https:\/\/oncopeptides.com\/sv\/wp-json\/wp\/v2\/comments?post=5953"}],"version-history":[{"count":0,"href":"https:\/\/oncopeptides.com\/sv\/wp-json\/wp\/v2\/pages\/5953\/revisions"}],"wp:attachment":[{"href":"https:\/\/oncopeptides.com\/sv\/wp-json\/wp\/v2\/media?parent=5953"}],"wp:term":[{"taxonomy":"protected-content","embeddable":true,"href":"https:\/\/oncopeptides.com\/sv\/wp-json\/wp\/v2\/protected-content?post=5953"}],"curies":[{"name":"wp","href":"https:\/\/api.w.org\/{rel}","templated":true}]}}